{"id":6722,"date":"2025-03-31T16:00:24","date_gmt":"2025-03-31T15:00:24","guid":{"rendered":"http:\/\/lyrawellbeingstaginges.uksouth.cloudapp.azure.com\/?page_id=6722"},"modified":"2025-04-29T09:28:59","modified_gmt":"2025-04-29T08:28:59","slug":"work-with-us","status":"publish","type":"page","link":"https:\/\/lyrawellbeing.es\/es\/work-with-us\/","title":{"rendered":"Trabaja con nosotros"},"content":{"rendered":"<div data-elementor-type=\"wp-page\" data-elementor-id=\"6722\" class=\"elementor elementor-6722\">\n\t\t\t\t\t\t<section class=\"elementor-section elementor-top-section elementor-element elementor-element-52ff067 elementor-section-boxed elementor-section-height-default elementor-section-height-default\" data-id=\"52ff067\" data-element_type=\"section\">\n\t\t\t\t\t\t<div class=\"elementor-container elementor-column-gap-custom\">\n\t\t\t\t\t<div class=\"elementor-column elementor-col-100 elementor-top-column elementor-element elementor-element-f7a0cd5\" data-id=\"f7a0cd5\" data-element_type=\"column\">\n\t\t\t<div class=\"elementor-widget-wrap elementor-element-populated\">\n\t\t\t\t\t\t<section class=\"elementor-section elementor-inner-section elementor-element elementor-element-1d10838 elementor-section-boxed elementor-section-height-default elementor-section-height-default\" data-id=\"1d10838\" data-element_type=\"section\">\n\t\t\t\t\t\t<div class=\"elementor-container elementor-column-gap-no\">\n\t\t\t\t\t<div class=\"elementor-column elementor-col-50 elementor-inner-column elementor-element elementor-element-1559ba3\" data-id=\"1559ba3\" data-element_type=\"column\">\n\t\t\t<div class=\"elementor-widget-wrap elementor-element-populated\">\n\t\t\t\t\t\t<div class=\"elementor-element elementor-element-677a3d7 elementor-widget elementor-widget-heading\" data-id=\"677a3d7\" data-element_type=\"widget\" data-widget_type=\"heading.default\">\n\t\t\t\t<div class=\"elementor-widget-container\">\n\t\t\t\t\t<h2 class=\"elementor-heading-title elementor-size-default\">Trabaja con nosotros<\/h2>\t\t\t\t<\/div>\n\t\t\t\t<\/div>\n\t\t\t\t\t<\/div>\n\t\t<\/div>\n\t\t\t\t<div class=\"elementor-column elementor-col-50 elementor-inner-column elementor-element elementor-element-89247e2\" data-id=\"89247e2\" data-element_type=\"column\">\n\t\t\t<div class=\"elementor-widget-wrap elementor-element-populated\">\n\t\t\t\t\t\t<div class=\"elementor-element elementor-element-ac31564 elementor-widget elementor-widget-image\" data-id=\"ac31564\" data-element_type=\"widget\" data-widget_type=\"image.default\">\n\t\t\t\t<div class=\"elementor-widget-container\">\n\t\t\t\t\t\t\t\t\t\t\t\t\t\t\t<img fetchpriority=\"high\" decoding=\"async\" width=\"580\" height=\"400\" src=\"https:\/\/lyrawellbeing.es\/wp-content\/uploads\/2025\/04\/work-with-us.png\" class=\"attachment-large size-large wp-image-6890\" alt=\"\" srcset=\"https:\/\/lyrawellbeing.es\/wp-content\/uploads\/2025\/04\/work-with-us.png 580w, https:\/\/lyrawellbeing.es\/wp-content\/uploads\/2025\/04\/work-with-us-300x207.png 300w, https:\/\/lyrawellbeing.es\/wp-content\/uploads\/2025\/04\/work-with-us-18x12.png 18w\" sizes=\"(max-width: 580px) 100vw, 580px\" \/>\t\t\t\t\t\t\t\t\t\t\t\t\t\t\t<\/div>\n\t\t\t\t<\/div>\n\t\t\t\t\t<\/div>\n\t\t<\/div>\n\t\t\t\t\t<\/div>\n\t\t<\/section>\n\t\t\t\t\t<\/div>\n\t\t<\/div>\n\t\t\t\t\t<\/div>\n\t\t<\/section>\n\t\t\t\t<section class=\"elementor-section elementor-top-section elementor-element elementor-element-cd39b63 elementor-section-boxed elementor-section-height-default elementor-section-height-default\" data-id=\"cd39b63\" data-element_type=\"section\" data-settings=\"{&quot;background_background&quot;:&quot;classic&quot;}\">\n\t\t\t\t\t\t<div class=\"elementor-container elementor-column-gap-no\">\n\t\t\t\t\t<div class=\"elementor-column elementor-col-100 elementor-top-column elementor-element elementor-element-d1042e9\" data-id=\"d1042e9\" data-element_type=\"column\">\n\t\t\t<div class=\"elementor-widget-wrap elementor-element-populated\">\n\t\t\t\t\t\t<section class=\"elementor-section elementor-inner-section elementor-element elementor-element-6746db9 elementor-reverse-mobile elementor-section-boxed elementor-section-height-default elementor-section-height-default\" data-id=\"6746db9\" data-element_type=\"section\" id=\"GEP\">\n\t\t\t\t\t\t<div class=\"elementor-container elementor-column-gap-no\">\n\t\t\t\t\t<div class=\"elementor-column elementor-col-50 elementor-inner-column elementor-element elementor-element-afcae8a\" data-id=\"afcae8a\" data-element_type=\"column\">\n\t\t\t<div class=\"elementor-widget-wrap elementor-element-populated\">\n\t\t\t\t\t\t<div class=\"elementor-element elementor-element-3e29a82 elementor-widget elementor-widget-image\" data-id=\"3e29a82\" data-element_type=\"widget\" data-widget_type=\"image.default\">\n\t\t\t\t<div class=\"elementor-widget-container\">\n\t\t\t\t\t\t\t\t\t\t\t\t\t\t\t<img decoding=\"async\" width=\"1024\" height=\"706\" src=\"https:\/\/lyrawellbeing.es\/wp-content\/uploads\/2025\/04\/spain-work-with-us-1024x706.png\" class=\"attachment-large size-large wp-image-6942\" alt=\"\" srcset=\"https:\/\/lyrawellbeing.es\/wp-content\/uploads\/2025\/04\/spain-work-with-us-1024x706.png 1024w, https:\/\/lyrawellbeing.es\/wp-content\/uploads\/2025\/04\/spain-work-with-us-300x207.png 300w, https:\/\/lyrawellbeing.es\/wp-content\/uploads\/2025\/04\/spain-work-with-us-768x530.png 768w, https:\/\/lyrawellbeing.es\/wp-content\/uploads\/2025\/04\/spain-work-with-us-18x12.png 18w, https:\/\/lyrawellbeing.es\/wp-content\/uploads\/2025\/04\/spain-work-with-us-700x483.png 700w, https:\/\/lyrawellbeing.es\/wp-content\/uploads\/2025\/04\/spain-work-with-us.png 1160w\" sizes=\"(max-width: 1024px) 100vw, 1024px\" \/>\t\t\t\t\t\t\t\t\t\t\t\t\t\t\t<\/div>\n\t\t\t\t<\/div>\n\t\t\t\t\t<\/div>\n\t\t<\/div>\n\t\t\t\t<div class=\"elementor-column elementor-col-50 elementor-inner-column elementor-element elementor-element-2c91184\" data-id=\"2c91184\" data-element_type=\"column\">\n\t\t\t<div class=\"elementor-widget-wrap elementor-element-populated\">\n\t\t\t\t\t\t<div class=\"elementor-element elementor-element-7b754ab elementor-widget elementor-widget-heading\" data-id=\"7b754ab\" data-element_type=\"widget\" data-widget_type=\"heading.default\">\n\t\t\t\t<div class=\"elementor-widget-container\">\n\t\t\t\t\t<h2 class=\"elementor-heading-title elementor-size-default\">Gracias por vuestro inter\u00e9s en Lyra Espa\u00f1a.<\/h2>\t\t\t\t<\/div>\n\t\t\t\t<\/div>\n\t\t\t\t<div class=\"elementor-element elementor-element-06413b4 elementor-widget elementor-widget-text-editor\" data-id=\"06413b4\" data-element_type=\"widget\" data-widget_type=\"text-editor.default\">\n\t\t\t\t<div class=\"elementor-widget-container\">\n\t\t\t\t\t\t\t\t\t<p>Aceptamos solicitudes de afiliados externos por parte de psic\u00f3logos con al menos cinco a\u00f1os de experiencia, especialmente si dominan varios idiomas.<\/p><p>\u00a0<\/p><p>Lyra es un proveedor l\u00edder de programas de apoyo para empleados. <br \/>Lyra Espa\u00f1a acompa\u00f1a a las empresas en sus esfuerzos por promover la motivaci\u00f3n, la salud y el bienestar de sus empleados.<\/p><p><br \/>El producto Lyra Wellbeing cubre a aproximadamente 15 millones de empleados y sus familias en todo el mundo. Prestamos nuestros servicios a m\u00e1s de 2.500 empresas en m\u00e1s de 200 pa\u00edses.<\/p><p>\u00a0<\/p><p>El Programa de Asistencia al Empleado ofrece asesoramiento telef\u00f3nico 24 horas para apoyo emocional, as\u00ed como orientaci\u00f3n legal, administrativa, financiera familiar y recursos sociales durante el horario laboral. Nuestros profesionales brindan informaci\u00f3n inmediata y pr\u00e1ctica para facilitar la toma de decisiones.<\/p><p>\u00a0<\/p><p>Cuando es necesario, Lyra Wellbeing ofrece sesiones presenciales con psic\u00f3logos, as\u00ed como intervenciones en crisis en el lugar de trabajo.<\/p>\t\t\t\t\t\t\t\t<\/div>\n\t\t\t\t<\/div>\n\t\t\t\t<div class=\"elementor-element elementor-element-066f845 elementor-widget elementor-widget-html\" data-id=\"066f845\" data-element_type=\"widget\" data-widget_type=\"html.default\">\n\t\t\t\t<div class=\"elementor-widget-container\">\n\t\t\t\t\t<style>\n.learning-and-development-courses-button .elementor-button-icon.elementor-align-icon-right {\n  margin-top: 2px;\n}\n.learning-and-development-courses-button\n  .elementor-button.elementor-button-link.elementor-size-xs {\n  padding: 0;\n}\n.learning-and-development-courses-button a>span> span:first-child {\n  transition: padding-left 0.5s ease;\n}\n\n.learning-and-development-courses-button a:hover>span> span:first-child {\n  padding-left: 5px;\n}\n<\/style>\t\t\t\t<\/div>\n\t\t\t\t<\/div>\n\t\t\t\t<div class=\"elementor-element elementor-element-7c4fb14 elementor-align-left learning-and-development-courses-button elementor-widget elementor-widget-button\" data-id=\"7c4fb14\" data-element_type=\"widget\" data-widget_type=\"button.default\">\n\t\t\t\t<div class=\"elementor-widget-container\">\n\t\t\t\t\t\t\t\t\t<div class=\"elementor-button-wrapper\">\n\t\t\t\t\t<a class=\"elementor-button elementor-button-link elementor-size-xs\" href=\"\/es\/contact-us\/\">\n\t\t\t\t\t\t<span class=\"elementor-button-content-wrapper\">\n\t\t\t\t\t\t<span class=\"elementor-button-icon\">\n\t\t\t\t<svg aria-hidden=\"true\" class=\"e-font-icon-svg e-fas-angle-right\" viewbox=\"0 0 256 512\" xmlns=\"http:\/\/www.w3.org\/2000\/svg\"><path d=\"M224.3 273l-136 136c-9.4 9.4-24.6 9.4-33.9 0l-22.6-22.6c-9.4-9.4-9.4-24.6 0-33.9l96.4-96.4-96.4-96.4c-9.4-9.4-9.4-24.6 0-33.9L54.3 103c9.4-9.4 24.6-9.4 33.9 0l136 136c9.5 9.4 9.5 24.6.1 34z\"><\/path><\/svg>\t\t\t<\/span>\n\t\t\t\t\t\t\t\t\t<span class=\"elementor-button-text\">Contacta con nosotros<\/span>\n\t\t\t\t\t<\/span>\n\t\t\t\t\t<\/a>\n\t\t\t\t<\/div>\n\t\t\t\t\t\t\t\t<\/div>\n\t\t\t\t<\/div>\n\t\t\t\t\t<\/div>\n\t\t<\/div>\n\t\t\t\t\t<\/div>\n\t\t<\/section>\n\t\t\t\t\t<\/div>\n\t\t<\/div>\n\t\t\t\t\t<\/div>\n\t\t<\/section>\n\t\t\t\t<\/div>","protected":false},"excerpt":{"rendered":"<p>Work with us Thank you for your interest in Lyra Spain. We welcome applications for external affiliates from psychologists with at least 5 years of experience, especially if applicants speak multiple languages. \u00a0 Lyra is a leading provider of employee support programs. Lyra Spain supports&#8230;<\/p>","protected":false},"author":1,"featured_media":0,"parent":0,"menu_order":0,"comment_status":"closed","ping_status":"closed","template":"full_width.php","meta":{"footnotes":""},"class_list":["post-6722","page","type-page","status-publish","hentry"],"yoast_head":"<!-- This site is optimized with the Yoast SEO plugin v27.2 - https:\/\/yoast.com\/product\/yoast-seo-wordpress\/ -->\n<title>Work with us - Lyra Spain<\/title>\n<meta name=\"robots\" content=\"noindex, follow, max-snippet:-1, max-image-preview:large, max-video-preview:-1\" \/>\n<meta property=\"og:locale\" content=\"es_ES\" \/>\n<meta property=\"og:type\" content=\"article\" \/>\n<meta property=\"og:title\" content=\"Work with us - Lyra Spain\" \/>\n<meta property=\"og:description\" content=\"Work with us Thank you for your interest in Lyra Spain. We welcome applications for external affiliates from psychologists with at least 5 years of experience, especially if applicants speak multiple languages. \u00a0 Lyra is a leading provider of employee support programs. Lyra Spain supports...\" \/>\n<meta property=\"og:url\" content=\"https:\/\/lyrawellbeing.es\/es\/work-with-us\/\" \/>\n<meta property=\"og:site_name\" content=\"Lyra Spain\" \/>\n<meta property=\"article:modified_time\" content=\"2025-04-29T08:28:59+00:00\" \/>\n<meta property=\"og:image\" content=\"http:\/\/lyrawellbeingstaginges.uksouth.cloudapp.azure.com\/wp-content\/uploads\/2025\/04\/work-with-us.png\" \/>\n<meta name=\"twitter:card\" content=\"summary_large_image\" \/>\n<meta name=\"twitter:label1\" content=\"Tiempo de lectura\" \/>\n\t<meta name=\"twitter:data1\" content=\"1 minuto\" \/>\n<script type=\"application\/ld+json\" class=\"yoast-schema-graph\">{\"@context\":\"https:\/\/schema.org\",\"@graph\":[{\"@type\":\"WebPage\",\"@id\":\"https:\/\/lyrawellbeing.es\/work-with-us\/\",\"url\":\"https:\/\/lyrawellbeing.es\/work-with-us\/\",\"name\":\"Work with us - Lyra Spain\",\"isPartOf\":{\"@id\":\"https:\/\/lyrawellbeing.es\/#website\"},\"primaryImageOfPage\":{\"@id\":\"https:\/\/lyrawellbeing.es\/work-with-us\/#primaryimage\"},\"image\":{\"@id\":\"https:\/\/lyrawellbeing.es\/work-with-us\/#primaryimage\"},\"thumbnailUrl\":\"http:\/\/lyrawellbeingstaginges.uksouth.cloudapp.azure.com\/wp-content\/uploads\/2025\/04\/work-with-us.png\",\"datePublished\":\"2025-03-31T15:00:24+00:00\",\"dateModified\":\"2025-04-29T08:28:59+00:00\",\"breadcrumb\":{\"@id\":\"https:\/\/lyrawellbeing.es\/work-with-us\/#breadcrumb\"},\"inLanguage\":\"es\",\"potentialAction\":[{\"@type\":\"ReadAction\",\"target\":[\"https:\/\/lyrawellbeing.es\/work-with-us\/\"]}]},{\"@type\":\"ImageObject\",\"inLanguage\":\"es\",\"@id\":\"https:\/\/lyrawellbeing.es\/work-with-us\/#primaryimage\",\"url\":\"http:\/\/lyrawellbeingstaginges.uksouth.cloudapp.azure.com\/wp-content\/uploads\/2025\/04\/work-with-us.png\",\"contentUrl\":\"http:\/\/lyrawellbeingstaginges.uksouth.cloudapp.azure.com\/wp-content\/uploads\/2025\/04\/work-with-us.png\"},{\"@type\":\"BreadcrumbList\",\"@id\":\"https:\/\/lyrawellbeing.es\/work-with-us\/#breadcrumb\",\"itemListElement\":[{\"@type\":\"ListItem\",\"position\":1,\"name\":\"Home\",\"item\":\"http:\/\/lyrawellbeing.es\/\"},{\"@type\":\"ListItem\",\"position\":2,\"name\":\"Work with us\"}]},{\"@type\":\"WebSite\",\"@id\":\"https:\/\/lyrawellbeing.es\/#website\",\"url\":\"https:\/\/lyrawellbeing.es\/\",\"name\":\"Lyra Spain\",\"description\":\"A Lyra Health Company\",\"potentialAction\":[{\"@type\":\"SearchAction\",\"target\":{\"@type\":\"EntryPoint\",\"urlTemplate\":\"https:\/\/lyrawellbeing.es\/?s={search_term_string}\"},\"query-input\":{\"@type\":\"PropertyValueSpecification\",\"valueRequired\":true,\"valueName\":\"search_term_string\"}}],\"inLanguage\":\"es\"}]}<\/script>\n<!-- \/ Yoast SEO plugin. -->","yoast_head_json":{"title":"Work with us - Lyra Spain","robots":{"index":"noindex","follow":"follow","max-snippet":"max-snippet:-1","max-image-preview":"max-image-preview:large","max-video-preview":"max-video-preview:-1"},"og_locale":"es_ES","og_type":"article","og_title":"Work with us - Lyra Spain","og_description":"Work with us Thank you for your interest in Lyra Spain. We welcome applications for external affiliates from psychologists with at least 5 years of experience, especially if applicants speak multiple languages. \u00a0 Lyra is a leading provider of employee support programs. Lyra Spain supports...","og_url":"https:\/\/lyrawellbeing.es\/es\/work-with-us\/","og_site_name":"Lyra Spain","article_modified_time":"2025-04-29T08:28:59+00:00","og_image":[{"url":"http:\/\/lyrawellbeingstaginges.uksouth.cloudapp.azure.com\/wp-content\/uploads\/2025\/04\/work-with-us.png","type":"","width":"","height":""}],"twitter_card":"summary_large_image","twitter_misc":{"Tiempo de lectura":"1 minuto"},"schema":{"@context":"https:\/\/schema.org","@graph":[{"@type":"WebPage","@id":"https:\/\/lyrawellbeing.es\/work-with-us\/","url":"https:\/\/lyrawellbeing.es\/work-with-us\/","name":"Work with us - Lyra Spain","isPartOf":{"@id":"https:\/\/lyrawellbeing.es\/#website"},"primaryImageOfPage":{"@id":"https:\/\/lyrawellbeing.es\/work-with-us\/#primaryimage"},"image":{"@id":"https:\/\/lyrawellbeing.es\/work-with-us\/#primaryimage"},"thumbnailUrl":"http:\/\/lyrawellbeingstaginges.uksouth.cloudapp.azure.com\/wp-content\/uploads\/2025\/04\/work-with-us.png","datePublished":"2025-03-31T15:00:24+00:00","dateModified":"2025-04-29T08:28:59+00:00","breadcrumb":{"@id":"https:\/\/lyrawellbeing.es\/work-with-us\/#breadcrumb"},"inLanguage":"es","potentialAction":[{"@type":"ReadAction","target":["https:\/\/lyrawellbeing.es\/work-with-us\/"]}]},{"@type":"ImageObject","inLanguage":"es","@id":"https:\/\/lyrawellbeing.es\/work-with-us\/#primaryimage","url":"http:\/\/lyrawellbeingstaginges.uksouth.cloudapp.azure.com\/wp-content\/uploads\/2025\/04\/work-with-us.png","contentUrl":"http:\/\/lyrawellbeingstaginges.uksouth.cloudapp.azure.com\/wp-content\/uploads\/2025\/04\/work-with-us.png"},{"@type":"BreadcrumbList","@id":"https:\/\/lyrawellbeing.es\/work-with-us\/#breadcrumb","itemListElement":[{"@type":"ListItem","position":1,"name":"Home","item":"http:\/\/lyrawellbeing.es\/"},{"@type":"ListItem","position":2,"name":"Work with us"}]},{"@type":"WebSite","@id":"https:\/\/lyrawellbeing.es\/#website","url":"https:\/\/lyrawellbeing.es\/","name":"Lyra Spain","description":"A Lyra Health Company","potentialAction":[{"@type":"SearchAction","target":{"@type":"EntryPoint","urlTemplate":"https:\/\/lyrawellbeing.es\/?s={search_term_string}"},"query-input":{"@type":"PropertyValueSpecification","valueRequired":true,"valueName":"search_term_string"}}],"inLanguage":"es"}]}},"_links":{"self":[{"href":"https:\/\/lyrawellbeing.es\/es\/wp-json\/wp\/v2\/pages\/6722","targetHints":{"allow":["GET"]}}],"collection":[{"href":"https:\/\/lyrawellbeing.es\/es\/wp-json\/wp\/v2\/pages"}],"about":[{"href":"https:\/\/lyrawellbeing.es\/es\/wp-json\/wp\/v2\/types\/page"}],"author":[{"embeddable":true,"href":"https:\/\/lyrawellbeing.es\/es\/wp-json\/wp\/v2\/users\/1"}],"replies":[{"embeddable":true,"href":"https:\/\/lyrawellbeing.es\/es\/wp-json\/wp\/v2\/comments?post=6722"}],"version-history":[{"count":49,"href":"https:\/\/lyrawellbeing.es\/es\/wp-json\/wp\/v2\/pages\/6722\/revisions"}],"predecessor-version":[{"id":6975,"href":"https:\/\/lyrawellbeing.es\/es\/wp-json\/wp\/v2\/pages\/6722\/revisions\/6975"}],"wp:attachment":[{"href":"https:\/\/lyrawellbeing.es\/es\/wp-json\/wp\/v2\/media?parent=6722"}],"curies":[{"name":"wp","href":"https:\/\/api.w.org\/{rel}","templated":true}]}}